{"id":6,"date":"2019-11-20T19:06:08","date_gmt":"2019-11-20T18:06:08","guid":{"rendered":"https:\/\/www.fan2europapark.com\/rulantica\/?page_id=6"},"modified":"2022-04-09T13:23:00","modified_gmt":"2022-04-09T11:23:00","slug":"bienvenue","status":"publish","type":"page","link":"https:\/\/www.fan2europapark.com\/rulantica\/","title":{"rendered":"Bienvenue \u00e0 Rulantica"},"content":{"rendered":"\n<p>Les visiteurs de \u00ab Rulantica \u00bb peuvent s&rsquo;attendre \u00e0 une th\u00e9matique nordique unique, 9 espaces th\u00e9matis\u00e9s avec 25 attractions aquatiques, dont une immense piscine \u00e0 vagues et un espace ext\u00e9rieur chauff\u00e9.<\/p>\n\n\n\n<div style=\"position:relative;padding-bottom:56.25%;height:0;overflow:hidden;\"><iframe loading=\"lazy\" style=\"width:100%;height:100%;position:absolute;left:0px;top:0px;overflow:hidden\" frameborder=\"0\" type=\"text\/html\" src=\"https:\/\/www.dailymotion.com\/embed\/video\/x7qzbfg?autoplay=1\" width=\"100%\" height=\"100%\" allow=\"autoplay\" allowfullscreen=\"\"><\/iframe><\/div>\n\n\n\n<p><\/p>\n\n\n\n<p><strong>D\u00e8s cet \u00e9t\u00e9 une nouvelle attraction de \u00ab\u00a0Rulantica\u00a0\u00bb invite \u00e0 la bataille d&rsquo;eau<\/strong><br>Avec le printemps, quelques nouveaut\u00e9s attendent les visiteurs du parc aquatique Rulantica : L&rsquo;aire de jeux aquatiques \u00ab\u00a0Snorri Strand\u00a0\u00bb s&rsquo;agrandit avec \u00ab\u00a0Snorri&rsquo;s Rutscheplads\u00a0\u00bb : pas moins de trois nouveaux toboggans y attendent les jeunes visiteurs. Juste \u00e0 c\u00f4t\u00e9, \u00ab\u00a0Snorri&rsquo;s Spelaborg\u00a0\u00bb \u00e9veille l&rsquo;esprit de d\u00e9couverte des petits aventuriers en leur permettant de ramper, de grimper et de se balancer.<br>En \u00e9t\u00e9, les visiteurs pourront \u00e9galement profiter d&rsquo;un nouveau man\u00e8ge de type \u00ab\u00a0Twist&rsquo;n&rsquo;Splash\u00a0\u00bb (\u00ab\u00a0Tourner et \u00e9clabousser\u00a0\u00bb). Cette attraction circulaire de la maison Mack Rides invite \u00e0 une bataille d&rsquo;eau turbulente. Dans neuf nacelles, jusqu&rsquo;\u00e0 54 personnes peuvent s&rsquo;asperger mutuellement avec des canons \u00e0 eau.<\/p>\n\n\n\n<p><\/p>\n\n\n\n<figure class=\"wp-block-image size-large\"><img loading=\"lazy\" decoding=\"async\" width=\"1024\" height=\"673\" src=\"https:\/\/www.fan2europapark.com\/rulantica\/wp-content\/uploads\/2022\/04\/news_019-1024x673.jpeg\" alt=\"\" class=\"wp-image-166\" srcset=\"https:\/\/www.fan2europapark.com\/rulantica\/wp-content\/uploads\/2022\/04\/news_019-1024x673.jpeg 1024w, https:\/\/www.fan2europapark.com\/rulantica\/wp-content\/uploads\/2022\/04\/news_019-300x197.jpeg 300w, https:\/\/www.fan2europapark.com\/rulantica\/wp-content\/uploads\/2022\/04\/news_019-768x505.jpeg 768w, https:\/\/www.fan2europapark.com\/rulantica\/wp-content\/uploads\/2022\/04\/news_019.jpeg 1200w\" sizes=\"auto, (max-width: 767px) 89vw, (max-width: 1000px) 54vw, (max-width: 1071px) 543px, 580px\" \/><\/figure>\n\n\n\n<p>Pour le 28 novembre, date du troisi\u00e8me anniversaire de Rulantica, le parc annonce en outre l&rsquo;ouverture de la troisi\u00e8me tour de toboggans de l&rsquo;univers aquatique. Avec elle, huit autres toboggans verront le jour et pourront \u00eatre utilis\u00e9s toute l&rsquo;ann\u00e9e, peut-on lire dans le communiqu\u00e9 de presse d&rsquo;Europa-Park.<\/p>\n\n\n\n<figure class=\"wp-block-image size-full\"><img loading=\"lazy\" decoding=\"async\" width=\"597\" height=\"395\" src=\"https:\/\/www.fan2europapark.com\/rulantica\/wp-content\/uploads\/2022\/04\/news_017.jpeg\" alt=\"\" class=\"wp-image-169\" srcset=\"https:\/\/www.fan2europapark.com\/rulantica\/wp-content\/uploads\/2022\/04\/news_017.jpeg 597w, https:\/\/www.fan2europapark.com\/rulantica\/wp-content\/uploads\/2022\/04\/news_017-300x198.jpeg 300w\" sizes=\"auto, (max-width: 597px) 100vw, 597px\" \/><\/figure>\n\n\n\n<a href=\"http:\/\/www.xiti.com\/xiti.asp?s=226495\" title=\"WebAnalytics\" target=\"_top\" rel=\"noopener noreferrer\">\n<script type=\"text\/javascript\">\n<!--\nXt_param = 's=226495&p=Rulantica index';\ntry {Xt_r = top.document.referrer;}\ncatch(e) {Xt_r = document.referrer; }\nXt_h = new Date();\nXt_i = '<img width=\"80\" height=\"15\" border=\"0\" alt=\"\" ';\nXt_i += 'src=\"http:\/\/logv30.xiti.com\/g.xiti?'+Xt_param;\nXt_i += '&hl='+Xt_h.getHours()+'x'+Xt_h.getMinutes()+'x'+Xt_h.getSeconds();\nif(parseFloat(navigator.appVersion)>=4)\n{Xt_s=screen;Xt_i+='&r='+Xt_s.width+'x'+Xt_s.height+'x'+Xt_s.pixelDepth+'x'+Xt_s.colorDepth;}\ndocument.write(Xt_i+'&ref='+Xt_r.replace(\/[<>\"]\/g, '').replace(\/&\/g, '$')+'\" title=\"Internet Audience\">');\n\/\/-->\n<\/script>\n<noscript>\nMesure d&rsquo;audience ROI statistique webanalytics par <img loading=\"lazy\" decoding=\"async\" width=\"80\" height=\"15\" src=\"http:\/\/logv30.xiti.com\/g.xiti?s=226495&amp;p=Rulantica index\" alt=\"WebAnalytics\">\n<\/noscript><\/a>\n","protected":false},"excerpt":{"rendered":"<p>Les visiteurs de \u00ab Rulantica \u00bb peuvent s&rsquo;attendre \u00e0 une th\u00e9matique nordique unique, 9 espaces th\u00e9matis\u00e9s avec 25 attractions aquatiques, dont une immense piscine \u00e0 vagues et un espace ext\u00e9rieur chauff\u00e9. D\u00e8s cet \u00e9t\u00e9 une nouvelle attraction de \u00ab\u00a0Rulantica\u00a0\u00bb invite \u00e0 la bataille d&rsquo;eauAvec le printemps, quelques nouveaut\u00e9s attendent les visiteurs du parc aquatique Rulantica &hellip; <\/p>\n<p class=\"link-more\"><a href=\"https:\/\/www.fan2europapark.com\/rulantica\/\" class=\"more-link\">Continuer la lecture<span class=\"screen-reader-text\"> de &laquo;&nbsp;Bienvenue \u00e0 Rulantica&nbsp;&raquo;<\/span><\/a><\/p>\n","protected":false},"author":1,"featured_media":0,"parent":0,"menu_order":0,"comment_status":"closed","ping_status":"closed","template":"","meta":{"footnotes":""},"class_list":["post-6","page","type-page","status-publish","hentry"],"_links":{"self":[{"href":"https:\/\/www.fan2europapark.com\/rulantica\/index.php?rest_route=\/wp\/v2\/pages\/6","targetHints":{"allow":["GET"]}}],"collection":[{"href":"https:\/\/www.fan2europapark.com\/rulantica\/index.php?rest_route=\/wp\/v2\/pages"}],"about":[{"href":"https:\/\/www.fan2europapark.com\/rulantica\/index.php?rest_route=\/wp\/v2\/types\/page"}],"author":[{"embeddable":true,"href":"https:\/\/www.fan2europapark.com\/rulantica\/index.php?rest_route=\/wp\/v2\/users\/1"}],"replies":[{"embeddable":true,"href":"https:\/\/www.fan2europapark.com\/rulantica\/index.php?rest_route=%2Fwp%2Fv2%2Fcomments&post=6"}],"version-history":[{"count":25,"href":"https:\/\/www.fan2europapark.com\/rulantica\/index.php?rest_route=\/wp\/v2\/pages\/6\/revisions"}],"predecessor-version":[{"id":170,"href":"https:\/\/www.fan2europapark.com\/rulantica\/index.php?rest_route=\/wp\/v2\/pages\/6\/revisions\/170"}],"wp:attachment":[{"href":"https:\/\/www.fan2europapark.com\/rulantica\/index.php?rest_route=%2Fwp%2Fv2%2Fmedia&parent=6"}],"curies":[{"name":"wp","href":"https:\/\/api.w.org\/{rel}","templated":true}]}}